{"id":33,"date":"2025-06-29T18:07:33","date_gmt":"2025-06-29T18:07:33","guid":{"rendered":"https:\/\/antoniosdougalis.com\/?page_id=33"},"modified":"2025-11-11T18:44:47","modified_gmt":"2025-11-11T18:44:47","slug":"portfolio-work","status":"publish","type":"page","link":"https:\/\/antoniosdougalis.com\/?page_id=33","title":{"rendered":"Portfolio\/Work"},"content":{"rendered":"\t\t<div data-elementor-type=\"wp-page\" data-elementor-id=\"33\" class=\"elementor elementor-33\">\n\t\t\t\t<div class=\"elementor-element elementor-element-d9e9d94 e-flex e-con-boxed e-con e-parent\" data-id=\"d9e9d94\" data-element_type=\"container\" data-e-type=\"container\" data-settings=\"{&quot;background_background&quot;:&quot;classic&quot;}\">\n\t\t\t\t\t<div class=\"e-con-inner\">\n\t\t\t\t<div class=\"elementor-element elementor-element-51ff097 elementor-widget elementor-widget-heading\" data-id=\"51ff097\" data-element_type=\"widget\" data-e-type=\"widget\" data-widget_type=\"heading.default\">\n\t\t\t\t<div class=\"elementor-widget-container\">\n\t\t\t\t\t<h2 class=\"elementor-heading-title elementor-size-default\">Published original peer reviewed research manuscripts<\/h2>\t\t\t\t<\/div>\n\t\t\t\t<\/div>\n\t\t\t\t<div class=\"elementor-element elementor-element-86b5e16 elementor-button-info elementor-widget elementor-widget-button\" data-id=\"86b5e16\" data-element_type=\"widget\" data-e-type=\"widget\" data-widget_type=\"button.default\">\n\t\t\t\t<div class=\"elementor-widget-container\">\n\t\t\t\t\t\t\t\t\t<div class=\"elementor-button-wrapper\">\n\t\t\t\t\t<a class=\"elementor-button elementor-button-link elementor-size-sm\" href=\"https:\/\/orcid.org\/0000-0002-2139-1616\" target=\"_blank\">\n\t\t\t\t\t\t<span class=\"elementor-button-content-wrapper\">\n\t\t\t\t\t\t<span class=\"elementor-button-icon\">\n\t\t\t\t<svg aria-hidden=\"true\" class=\"e-font-icon-svg e-fab-orcid\" viewBox=\"0 0 512 512\" xmlns=\"http:\/\/www.w3.org\/2000\/svg\"><path d=\"M294.75 188.19h-45.92V342h47.47c67.62 0 83.12-51.34 83.12-76.91 0-41.64-26.54-76.9-84.67-76.9zM256 8C119 8 8 119 8 256s111 248 248 248 248-111 248-248S393 8 256 8zm-80.79 360.76h-29.84v-207.5h29.84zm-14.92-231.14a19.57 19.57 0 1 1 19.57-19.57 19.64 19.64 0 0 1-19.57 19.57zM300 369h-81V161.26h80.6c76.73 0 110.44 54.83 110.44 103.85C410 318.39 368.38 369 300 369z\"><\/path><\/svg>\t\t\t<\/span>\n\t\t\t\t\t\t\t\t\t<span class=\"elementor-button-text\">Orchid <\/span>\n\t\t\t\t\t<\/span>\n\t\t\t\t\t<\/a>\n\t\t\t\t<\/div>\n\t\t\t\t\t\t\t\t<\/div>\n\t\t\t\t<\/div>\n\t\t\t\t<div class=\"elementor-element elementor-element-fdb0e77 elementor-button-info elementor-widget elementor-widget-button\" data-id=\"fdb0e77\" data-element_type=\"widget\" data-e-type=\"widget\" data-widget_type=\"button.default\">\n\t\t\t\t<div class=\"elementor-widget-container\">\n\t\t\t\t\t\t\t\t\t<div class=\"elementor-button-wrapper\">\n\t\t\t\t\t<a class=\"elementor-button elementor-button-link elementor-size-sm\" href=\"https:\/\/scholar.google.com\/citations?user=v_Ys_IYAAAAJ&#038;hl=en&#038;oi=ao\" target=\"_blank\">\n\t\t\t\t\t\t<span class=\"elementor-button-content-wrapper\">\n\t\t\t\t\t\t<span class=\"elementor-button-icon\">\n\t\t\t\t<svg aria-hidden=\"true\" class=\"e-font-icon-svg e-fab-google\" viewBox=\"0 0 488 512\" xmlns=\"http:\/\/www.w3.org\/2000\/svg\"><path d=\"M488 261.8C488 403.3 391.1 504 248 504 110.8 504 0 393.2 0 256S110.8 8 248 8c66.8 0 123 24.5 166.3 64.9l-67.5 64.9C258.5 52.6 94.3 116.6 94.3 256c0 86.5 69.1 156.6 153.7 156.6 98.2 0 135-70.4 140.8-106.9H248v-85.3h236.1c2.3 12.7 3.9 24.9 3.9 41.4z\"><\/path><\/svg>\t\t\t<\/span>\n\t\t\t\t\t\t\t\t\t<span class=\"elementor-button-text\">Google Scholar<\/span>\n\t\t\t\t\t<\/span>\n\t\t\t\t\t<\/a>\n\t\t\t\t<\/div>\n\t\t\t\t\t\t\t\t<\/div>\n\t\t\t\t<\/div>\n\t\t\t\t<div class=\"elementor-element elementor-element-7e701af elementor-widget elementor-widget-text-editor\" data-id=\"7e701af\" data-element_type=\"widget\" data-e-type=\"widget\" data-widget_type=\"text-editor.default\">\n\t\t\t\t<div class=\"elementor-widget-container\">\n\t\t\t\t\t\t\t\t\t<p>\u00a0<\/p><p>Lukkarinen, H., Luikku, A., <strong>Dougalis, A<\/strong>, Pelkonen, A, Gomez-Budia, M., Abushik, P., Novosolova, N., J\u00e4ntti, H., Elomaa, A., Kaipainen, A., Klimko, N, Walle, P., Jyrkk\u00e4nen KH.,\u00a0 Danner, N, Piilonen<sup>, <\/sup>K., Firtser, N., Immonen, A., J\u00e4\u00e4skel\u00e4inen, J., Kahle, C., Eide, K., Macosko, E., Stevens, B., Takalo, B., Juopperi, SN., Kemppainen, S., Martiskainen<sup>, <\/sup>H., Lipponen, A.,\u00a0 Hiltunen, M., Rauramaa., T, Malm, T., Leinonen, V <strong>(2025)<\/strong>. How to obtain a high-quality brain biopsy during shunt surgery for precision diagnostics and multiomic neuroresearch, <strong>Brain. In Revision\/Press.<\/strong><\/p><p><sup>\u00a0<\/sup>Pelkonen A, Lezhneva V, Ryynanen T, Kreutzer J, Sitnikova V, Gomez-Budia M,Della Pietra A, <strong>Dougalis A<\/strong>, Kyyriainen J, Torkamani-Azar M, Eronen H, Rauramaa T, Immonen A, Leinonen V, Sierra A, Kalviainen R,\u00a0 Malm T <strong>(2025). <\/strong>Microelectrode array scaled for human hippocampal slices<strong>. Biorxiv<\/strong>; DOI:\u00a0<a href=\"https:\/\/doi.org\/10.1101\/2025.02.27.640534\">10.1101\/2025.02.27.640534<\/a><\/p><p><strong>Dougalis A<\/strong>*, Abushik P*, Pelkonen A, Guidice L, G\u00f3mez-Budia M, Novosolova N, V\u00e4lim\u00e4ki NN, Rezaie M,\u00a0 Nurkhametova M,\u00a0 Giniatullina R, Shakirzyanova A, Shah A, Rauramaa T, Stevens B,\u00a0 Macosko EZ, Hiltunen M, Leinonen V, Malm T (<strong>2025<\/strong>). Early amyloid spine response and impaired synaptic transmission of pyramidal neurons in human biopsies with Alzheimer&#8217;s Disease-related pathology. <strong>Biorxiv<\/strong>; \u00a0DOI: <a href=\"https:\/\/doi.org\/10.1101\/2025.01.07.630516\">10.1101\/2025.01.07.630516<\/a>. * shared first authors and authors for communication.<\/p><p>K\u00e4lv\u00e4l\u00e4 S, Abushik P, <strong>Dougalis A<\/strong>, Malm T, Pelkonen A, Lehtonen S <strong>(2024)<\/strong>. Air-liquid interface culture of midbrain organoids improves neuronal functionality and integration of microglia.\u00a0 <strong>Biorxiv<\/strong>; \u00a0DOI: 10.1101\/2023.10.10.561672.<\/p><p>Gazestani V, Kamath T, Nadaf NM, <strong>Dougalis A<\/strong>, Burris SJ, Rooney B, Junkkari A, Vanderburg C, Pelkonen A, Gomez-Budia M, V\u00e4lim\u00e4ki NN, Rauramaa T, Therrien M, Koivisto AM, Tegtmeyer M, Herukka SK, Abdulraouf A, Marsh SE, Hiltunen M, Nehme R, Malm T, Stevens B, Leinonen V, Macosko EZ <strong>(2023)<\/strong>. Early Alzheimer&#8217;s disease pathology in human cortex involves transient cell states. <strong>Cell<\/strong>; 186(20):4438-4453.e23. doi: 10.1016\/j.cell.2023.08.005. PMID: 37774681.<\/p><p>Fagerlund I*, <strong>Dougalis A*,<\/strong> Shakirzyanova A, G\u00f3mez-Budia M, Pelkonen A, Konttinen H, Ohtonen S, Fazaludeen MF, Koskuvi M, Kuusisto J, Hern\u00e1ndez D, Pebay A, Koistinaho J, Rauramaa T, Lehtonen \u0160, Korhonen P, Malm T <strong>(2021).<\/strong> Microglia-like Cells Promote Neuronal Functions in Cerebral Organoids. <strong>Cells<\/strong>; 11(1):124. doi: 10.3390\/cells11010124. PMID: 35011686; PMCID: PMC8750120. * shared first authors<\/p><p>Pelkonen A, Pistono C, Klecki P, G\u00f3mez-Budia M, <strong>Dougalis A,<\/strong> Konttinen H, Stanov\u00e1 I, Fagerlund I, Leinonen V, Korhonen P, Malm T <strong>(2021).<\/strong> Functional Characterization of Human Pluripotent Stem Cell-Derived Models of the Brain with Microelectrode Arrays. <strong>Cells<\/strong>; 11(1):106. doi: 10.3390\/cells11010106. PMID: 35011667; PMCID: PMC8750870.<\/p><p>Mannal N, Kleiner K, Fauler M, <strong>Dougalis A<\/strong>, Poetschke C, Liss B. Multi-Electrode Array Analysis Identifies Complex Dopamine Responses and Glucose Sensing Properties of Substantia Nigra Neurons in Mouse Brain Slices <strong>(2021)<\/strong>. <strong>Front Synaptic Neurosci<\/strong>; 13:635050. doi: 10.3389\/fnsyn.2021.635050. PMID: 33716704; PMCID: PMC7952765.<\/p><p>Ortner, N., Bock, G., <strong>Dougalis, A.,<\/strong> Kharitova, M., Duda, J., Tuluc, P., Pomberger, T., Stefanova, N., Pitterl, F.,Ciossek, T., Oberachr, H., Draheims, J, H., Liss, B., Striessnig, J <strong>(2017)<\/strong>. \u00a0Lower affinity of isradipine for L-type Ca2+ channels during substantia nigra dopamine neuron-like activity: implications for neuroprotection in Parkinson&#8217;s disease. <strong>Journal of Neuroscience<\/strong>, doi: 10.1523\/JNEUROSCI.2946-16.2017. PMID:28592699<\/p><p><strong>Dougalis, A<\/strong>., Matthews, A.C., Birgit Liss &amp; Ungless, MA. <strong>(2017).<\/strong> Ionic currents influencing autorhythmicity and pacemaking in dopamine neurons of the ventrolateral periaquaductal gray and dorsal raphe nucleus (vlPAG\/DR): a voltage-clamp and computational modeling study. <strong>Journal of Computational Neuroscience<\/strong>, 42, 275-305, doi: 10.1007\/s10827-017-0641-0. PMID:28367595<\/p><p>Poetschke, C., Dragicevic, E., Duda, J., Benkert, J., <strong>Dougalis, A<\/strong>., DeZio, R., Snutch, T.P., Striessnig, J. &amp; Liss, B <strong>(2015).<\/strong> Compensatory T-type Ca2+ channel activity alters D2-autoreceptor responses of Substantia nigra dopamine neurons from Cav1.3 L-type Ca2+ channel KO mice. <strong>Scientific Reports<\/strong>, 5, 13688, doi: 10.1038\/srep13688.PMID:26381090<\/p><p><strong>Dougalis, A.,<\/strong> Matthews, AC., Bishop, MW., Brischoux, F., Kobayashi, K., &amp; Ungless, MA. <strong>(2012).<\/strong> Functional properties of dopamine neurons and co-expression of vasoactiveintestinal-polypeptide in the dorsal raphe nucleus and ventro-lateral periaquaductal grey. <strong>European Journal of Neuroscience<\/strong>, 36, 3322-3332.PMID:22925150<\/p><p>Cambray, S., Arber, C., Little, G., <strong>Dougalis, A<\/strong>., di Paola, V., Ungless, MA., Li, M., &amp; Rodr\u00edguez, T.A. <strong>(2012).<\/strong> Activin induces differentiation and specifies cortical interneuron identity in ESC derived telencephalic neural precursors. <strong>Nature Communications<\/strong>, 3, 841, doi:10.1038\/ncomms1817.PMID:22588303<\/p><p>Bishop, M.W., Chakraborty, S., Matthews, A.C., <strong>Dougalis, A<\/strong>., Wood, N.W., Festenstein, R., Ungless, M.A<strong>. (2010).<\/strong> Hyperexcitable dopamine neurons in PINK1 and HrtA2\/Omi deficient mouse models of Parkinson\u2019s disease. <strong>Journal of Neurophysiology<\/strong>, 104, 3009-3020. PMID:20926611<\/p><p><strong>Dougalis<\/strong>, A. &amp; Lees, G. <strong>(2005).<\/strong> The endocannabinoid signaling system: Implications in anaesthesia and the pain clinic<strong>. Current Anaesthesia &amp; Critical Care<\/strong>, 16, 71-80.<\/p><p><strong>Dougalis, A<\/strong>., Lees, G., Ganellin, C.R. <strong>(2004).<\/strong> The sleep lipid oleamide may represent an endogenous anticonvulsant: an in vitro comparative study in the 4-aminopyridine rat brain-slice model. <strong>Neuropharmacology<\/strong>, 46, 541-554. PMID:14975678<\/p><p>Lees, G. &amp; <strong>Dougalis, A<\/strong>. <strong>(2004)<\/strong>. Differential effects of the sleep-inducing lipid oleamide and cannabinoids on the induction of long-term potentiation in the CA1 neurons of the rat hippocampus in vitro. <strong>Brain Research<\/strong>, 997, 1-14. PMID:14715144<\/p><p><strong>Dougalis, A.,<\/strong> Lees, G., Ganellin, C.R. <strong>(2004)<\/strong>. The sleep-inducing brain lipid cis-oleamide (cOA) does not modulate serotonergic transmission in the CA1 pyramidal neurons of the hippocampus in vitro. <strong>Neuropharmacology<\/strong>, 46, 63-73. PMID:14654098<\/p><p><strong>Dougalis Antonios (2005). <\/strong>Cellular actions of putative sleep hormones and depressant drugs in the mammalian brain (PhD Thesis, Library of Royal Pharmaceutical Society of Great Britain).<\/p><p><strong>\u00a0<\/strong><\/p><p><strong>Work in progress (under review\/revision, as in June 2025)<\/strong><\/p><p><strong>Antonios Dougalis<\/strong> *, Anssi Pelkonen, Dilyara Nurkhametova, Christiaan P.J. de Kock, Eline J. Mertens, Huibert D. Mansvelder, Hilde Lavreysen, Nachiket D. Kashikar, Tuomas Rauramaa, Antti Luikku, Ville Leinonen &amp; Tarja Malm 2024 Single-cell and multielectrode array analysis of neuronal and network properties of small volume human frontal cortex biopsies in vitro. <strong>Cerebral Cortex<\/strong>.<\/p><p><strong>Dougalis A<\/strong>*, Abushik P*, Pelkonen A, Guidice L, G\u00f3mez-Budia M, Novosolova N, V\u00e4lim\u00e4ki NN, Rezaie M,\u00a0 Nurkhametova M,\u00a0 Giniatullina R, Shakirzyanova A, Shah A, Rauramaa T, Stevens B,\u00a0 Macosko EZ, Hiltunen M, Leinonen V, Malm T. Early amyloid spine response and impaired synaptic transmission of pyramidal neurons in human biopsies with Alzheimer&#8217;s Disease-related pathology. * shared first authors and authors for communication. <strong>Nature Neuroscience<\/strong><\/p><p>K\u00e4lv\u00e4l\u00e4 S, Abushik P, <strong>Dougalis A<\/strong>, Malm T, Pelkonen A, Lehtonen S. Air-liquid interface culture of midbrain organoids improves neuronal functionality and integration of microglia.\u00a0 <strong>J Neuroscience<\/strong><\/p><p>Anssi Pelkonen, Vera Lezhneva, Tomi Ryynanen, Joose Kreutzer, Valeriia Sitnikova, Mireia Gomez-Budia, Adriana Della Pietra, <strong>Antonios Dougalis<\/strong>, Jenni Kyyriainen, Mastaneh Torkamani-Azar, Henri Eronen, Tuomas Rauramaa, Arto Immonen, Ville Leinonen, Alejandra Sierra, Reetta Kalviainen, Tarja Malm. <strong>Biosensors &amp; Bioelectronics<\/strong><\/p><p>Lukkarinen, H., Luikku, A., <strong>Dougalis, A<\/strong>, Pelkonen, A, Gomez-Budia, M., Abushik, P., Novosolova, N., J\u00e4ntti, H., Elomaa, A., Kaipainen, A., Klimko, N, Walle, P., Jyrkk\u00e4nen KH.,\u00a0 Danner, N, Piilonen<sup>, <\/sup>K., Firtser, N., Immonen, A., J\u00e4\u00e4skel\u00e4inen, J., Kahle, C., Eide, K., Macosko, E., Stevens, B., Takalo, B., Juopperi, SN., Kemppainen, S., Martiskainen<sup>, <\/sup>H., Lipponen, A.,\u00a0 Hiltunen, M., Rauramaa., T, Malm, T., Leinonen, V <strong>(2025)<\/strong>. How to obtain a high-quality brain biopsy during shunt surgery for precision diagnostics and multiomic neuroresearch, <strong>Brain.<\/strong><\/p>\t\t\t\t\t\t\t\t<\/div>\n\t\t\t\t<\/div>\n\t\t\t\t\t<\/div>\n\t\t\t\t<\/div>\n\t\t<div class=\"elementor-element elementor-element-3ea8499 e-flex e-con-boxed e-con e-parent\" data-id=\"3ea8499\" data-element_type=\"container\" data-e-type=\"container\">\n\t\t\t\t\t<div class=\"e-con-inner\">\n\t\t\t\t\t<\/div>\n\t\t\t\t<\/div>\n\t\t\t\t<\/div>\n\t\t","protected":false},"excerpt":{"rendered":"<p>Published original peer reviewed research manuscripts Orchid Google Scholar \u00a0 Lukkarinen, H., Luikku, A., Dougalis, A, Pelkonen, A, Gomez-Budia, M., Abushik, P., Novosolova, N., J\u00e4ntti, H., Elomaa, A., Kaipainen, A., Klimko, N, Walle, P., Jyrkk\u00e4nen KH.,\u00a0 Danner, N, Piilonen, K., Firtser, N., Immonen, A., J\u00e4\u00e4skel\u00e4inen, J., Kahle, C., Eide, K., Macosko, E., Stevens, B., Takalo, [&hellip;]<\/p>\n","protected":false},"author":3,"featured_media":0,"parent":0,"menu_order":0,"comment_status":"closed","ping_status":"closed","template":"","meta":{"_eb_attr":"","footnotes":""},"class_list":["post-33","page","type-page","status-publish","hentry","entry"],"_links":{"self":[{"href":"https:\/\/antoniosdougalis.com\/index.php?rest_route=\/wp\/v2\/pages\/33","targetHints":{"allow":["GET"]}}],"collection":[{"href":"https:\/\/antoniosdougalis.com\/index.php?rest_route=\/wp\/v2\/pages"}],"about":[{"href":"https:\/\/antoniosdougalis.com\/index.php?rest_route=\/wp\/v2\/types\/page"}],"author":[{"embeddable":true,"href":"https:\/\/antoniosdougalis.com\/index.php?rest_route=\/wp\/v2\/users\/3"}],"replies":[{"embeddable":true,"href":"https:\/\/antoniosdougalis.com\/index.php?rest_route=%2Fwp%2Fv2%2Fcomments&post=33"}],"version-history":[{"count":368,"href":"https:\/\/antoniosdougalis.com\/index.php?rest_route=\/wp\/v2\/pages\/33\/revisions"}],"predecessor-version":[{"id":2356,"href":"https:\/\/antoniosdougalis.com\/index.php?rest_route=\/wp\/v2\/pages\/33\/revisions\/2356"}],"wp:attachment":[{"href":"https:\/\/antoniosdougalis.com\/index.php?rest_route=%2Fwp%2Fv2%2Fmedia&parent=33"}],"curies":[{"name":"wp","href":"https:\/\/api.w.org\/{rel}","templated":true}]}}